{"id":33,"date":"2018-09-09T08:22:28","date_gmt":"2018-09-09T06:22:28","guid":{"rendered":"http:\/\/peuim.com.pl\/?page_id=33"},"modified":"2020-09-06T12:38:18","modified_gmt":"2020-09-06T10:38:18","slug":"streets","status":"publish","type":"page","link":"http:\/\/peuim.com.pl\/en\/streets\/","title":{"rendered":"Streets"},"content":{"rendered":"<p>PEUiM is a recognized brand in Bia\u0142ystok due to a number of implemented high-quality construction projects, including the reconstruction of the largest streets in the city. The Company\u2019s flagship projects include:<\/p>\n<h3><strong>Reconstruction of Gen. S. Maczka Street in Bia\u0142ystok<\/strong><\/h3>\n<p><strong>Date<\/strong>: from November 2009 to\u00a0September 2011. <strong>Value<\/strong>: PLN 158.1 million<\/p>\n<p>Gen. S. Maczka Street towards Warsaw is still under reconstruction due to the high volume of traffic along its entire length. In order to increase the capacity of the street, it is being rebuilt virtually from scratch: a two-lane road will be replaced by a four-lane one with new flies-over, pavements and bicycle paths as well as new engineering systems installed.<\/p>\n<h3><strong>Reconstruction of the surface of Antoniuk Fabryczny, Antoniukowska, Knyszy\u0144ska, Narewska, G\u0142owackiego and Owsiana streets in Bia\u0142ystok<\/strong><\/h3>\n<p><strong>Date<\/strong>: from February 2009 to\u00a0August 2010. <strong>Value<\/strong>: PLN 41.25 million<\/p>\n<p>During the reconstruction works of Antoniuk Fabryczny and Knyszy\u0144ska streets that form one of the most important routes in Bia\u0142ystok, four intersections were rebuilt, a new bridge was constructed, the road surface was modernized and improved, new traffic lights were built and the entire infrastructure was rebuilt.<\/p>\n<h3><strong>Built of Sitarska Street<\/strong><\/h3>\n<p><strong>Date<\/strong>: from February 2017 to July 2018. <strong>Value<\/strong>: PLN 35,9 million<\/p>\n<p>The reconstruction of 0.9 km of Sitarska Street concerned its entire infrastructure, including the construction of engineering facilities, earthworks, new structure along the entire street as well as bicycle path, and paving works (kerbs, pavements, road edgings, bus bays, drainage elements).<\/p>\n<h3><strong>Reconstruction of Klepacka Street<\/strong><\/h3>\n<p><strong>Date<\/strong>: from year 2018 to\u00a02020. <strong>Value<\/strong>: PLN 44.6 million<\/p>\n<p>The reconstruction of 0.6 km of Klepacka Street concerned its entire infrastructure, including the construction of engineering facilities, earthworks, new structure along the entire street as well as bicycle path, and paving works (kerbs, pavements, road edgings, bus bays, drainage elements).<\/p>\n","protected":false},"excerpt":{"rendered":"<p>PEUiM is a recognized brand in Bia\u0142ystok due to a number of implemented high-quality construction<span class=\"more-button\"><a href=\"http:\/\/peuim.com.pl\/en\/streets\/\" class=\"more-link\">Read more<span class=\"screen-reader-text\">Streets<\/span><\/a><\/span><span class=\"more-button\"><a href=\"http:\/\/peuim.com.pl\/en\/streets\/\" class=\"more-link\"><span class=\"screen-reader-text\">Streets<\/span><\/a><\/span><\/p>\n","protected":false},"author":1,"featured_media":0,"parent":0,"menu_order":0,"comment_status":"closed","ping_status":"closed","template":"","meta":{"footnotes":""},"class_list":["post-33","page","type-page","status-publish","hentry"],"_links":{"self":[{"href":"http:\/\/peuim.com.pl\/en\/wp-json\/wp\/v2\/pages\/33","targetHints":{"allow":["GET"]}}],"collection":[{"href":"http:\/\/peuim.com.pl\/en\/wp-json\/wp\/v2\/pages"}],"about":[{"href":"http:\/\/peuim.com.pl\/en\/wp-json\/wp\/v2\/types\/page"}],"author":[{"embeddable":true,"href":"http:\/\/peuim.com.pl\/en\/wp-json\/wp\/v2\/users\/1"}],"replies":[{"embeddable":true,"href":"http:\/\/peuim.com.pl\/en\/wp-json\/wp\/v2\/comments?post=33"}],"version-history":[{"count":5,"href":"http:\/\/peuim.com.pl\/en\/wp-json\/wp\/v2\/pages\/33\/revisions"}],"predecessor-version":[{"id":164,"href":"http:\/\/peuim.com.pl\/en\/wp-json\/wp\/v2\/pages\/33\/revisions\/164"}],"wp:attachment":[{"href":"http:\/\/peuim.com.pl\/en\/wp-json\/wp\/v2\/media?parent=33"}],"curies":[{"name":"wp","href":"https:\/\/api.w.org\/{rel}","templated":true}]}}